{"id":26,"date":"2023-10-27T18:14:43","date_gmt":"2023-10-27T18:14:43","guid":{"rendered":"https:\/\/theskulllabs.com.br\/web\/?page_id=26"},"modified":"2024-09-18T21:15:52","modified_gmt":"2024-09-18T21:15:52","slug":"blog","status":"publish","type":"page","link":"https:\/\/theskulllabs.com.br\/web\/blog\/","title":{"rendered":"Blog"},"content":{"rendered":"\t\t<div data-elementor-type=\"wp-page\" data-elementor-id=\"26\" class=\"elementor elementor-26\" data-elementor-post-type=\"page\">\n\t\t\t\t<div class=\"elementor-element elementor-element-8bd7a43 e-flex e-con-boxed e-con e-parent\" data-id=\"8bd7a43\" data-element_type=\"container\" data-e-type=\"container\" data-settings=\"{&quot;background_background&quot;:&quot;classic&quot;}\">\n\t\t\t\t\t<div class=\"e-con-inner\">\n\t\t<div class=\"elementor-element elementor-element-970ea23 e-flex e-con-boxed e-con e-child\" data-id=\"970ea23\" data-element_type=\"container\" data-e-type=\"container\">\n\t\t\t\t\t<div class=\"e-con-inner\">\n\t\t\t\t<div class=\"elementor-element elementor-element-82a2d55 elementor-invisible elementor-widget elementor-widget-heading\" data-id=\"82a2d55\" data-element_type=\"widget\" data-e-type=\"widget\" data-settings=\"{&quot;_animation&quot;:&quot;fadeInUp&quot;,&quot;_animation_delay&quot;:100}\" data-widget_type=\"heading.default\">\n\t\t\t\t<div class=\"elementor-widget-container\">\n\t\t\t\t\t<h1 class=\"elementor-heading-title elementor-size-default\">Blog<\/h1>\t\t\t\t<\/div>\n\t\t\t\t<\/div>\n\t\t\t\t<div class=\"elementor-element elementor-element-6b93ca1 elementor-widget elementor-widget-spacer\" data-id=\"6b93ca1\" data-element_type=\"widget\" data-e-type=\"widget\" data-widget_type=\"spacer.default\">\n\t\t\t\t<div class=\"elementor-widget-container\">\n\t\t\t\t\t\t\t<div class=\"elementor-spacer\">\n\t\t\t<div class=\"elementor-spacer-inner\"><\/div>\n\t\t<\/div>\n\t\t\t\t\t\t<\/div>\n\t\t\t\t<\/div>\n\t\t\t\t\t<\/div>\n\t\t\t\t<\/div>\n\t\t\t\t<div class=\"elementor-element elementor-element-2b54b9e elementor-grid-1 elementor-posts--thumbnail-left elementor-grid-tablet-1 blog-destaque elementor-grid-mobile-1 elementor-widget elementor-widget-posts\" data-id=\"2b54b9e\" data-element_type=\"widget\" data-e-type=\"widget\" data-settings=\"{&quot;classic_columns&quot;:&quot;1&quot;,&quot;classic_columns_tablet&quot;:&quot;1&quot;,&quot;classic_columns_mobile&quot;:&quot;1&quot;,&quot;classic_row_gap&quot;:{&quot;unit&quot;:&quot;px&quot;,&quot;size&quot;:35,&quot;sizes&quot;:[]},&quot;classic_row_gap_laptop&quot;:{&quot;unit&quot;:&quot;px&quot;,&quot;size&quot;:&quot;&quot;,&quot;sizes&quot;:[]},&quot;classic_row_gap_tablet&quot;:{&quot;unit&quot;:&quot;px&quot;,&quot;size&quot;:&quot;&quot;,&quot;sizes&quot;:[]},&quot;classic_row_gap_mobile&quot;:{&quot;unit&quot;:&quot;px&quot;,&quot;size&quot;:&quot;&quot;,&quot;sizes&quot;:[]}}\" data-widget_type=\"posts.classic\">\n\t\t\t\t<div class=\"elementor-widget-container\">\n\t\t\t\t\t\t\t<div class=\"elementor-posts-container elementor-posts elementor-posts--skin-classic elementor-grid\">\n\t\t\t\t<article class=\"elementor-post elementor-grid-item post-1782 post type-post status-publish format-standard has-post-thumbnail hentry category-uncategorized\">\n\t\t\t\t<a class=\"elementor-post__thumbnail__link\" href=\"https:\/\/theskulllabs.com.br\/web\/como-crescer-na-internet-e-aumentar-a-presenca-online\/\" tabindex=\"-1\" >\n\t\t\t<div class=\"elementor-post__thumbnail\"><img fetchpriority=\"high\" decoding=\"async\" width=\"600\" height=\"400\" src=\"https:\/\/theskulllabs.com.br\/web\/wp-content\/uploads\/2023\/11\/mkt-digital_thumb.jpg\" class=\"attachment-full size-full wp-image-1784\" alt=\"Marketing digital presen\u00e7a online\" srcset=\"https:\/\/theskulllabs.com.br\/web\/wp-content\/uploads\/2023\/11\/mkt-digital_thumb.jpg 600w, https:\/\/theskulllabs.com.br\/web\/wp-content\/uploads\/2023\/11\/mkt-digital_thumb-300x200.jpg 300w\" sizes=\"(max-width: 600px) 100vw, 600px\" \/><\/div>\n\t\t<\/a>\n\t\t\t\t<div class=\"elementor-post__text\">\n\t\t\t\t<h2 class=\"elementor-post__title\">\n\t\t\t<a href=\"https:\/\/theskulllabs.com.br\/web\/como-crescer-na-internet-e-aumentar-a-presenca-online\/\" >\n\t\t\t\tDicas de como crescer na Internet e aumentar a presen\u00e7a online\t\t\t<\/a>\n\t\t<\/h2>\n\t\t\t\t<div class=\"elementor-post__excerpt\">\n\t\t\t<p>Crescer na internet e aumentar a presen\u00e7a online envolvem uma combina\u00e7\u00e3o de estrat\u00e9gias que abrangem desde o desenvolvimento de um site s\u00f3lido at\u00e9 o envolvimento ativo nas redes sociais. Aqui est\u00e3o alguns passos essenciais: Cria\u00e7\u00e3o de um Site Profissional e Otimizado A cria\u00e7\u00e3o de um site profissional e otimizado \u00e9 um passo crucial para estabelecer uma presen\u00e7a online s\u00f3lida e<\/p>\n\t\t<\/div>\n\t\t\n\t\t<a class=\"elementor-post__read-more\" href=\"https:\/\/theskulllabs.com.br\/web\/como-crescer-na-internet-e-aumentar-a-presenca-online\/\" aria-label=\"Leia mais sobre Dicas de como crescer na Internet e aumentar a presen\u00e7a online\" tabindex=\"-1\" >\n\t\t\tLeia mais \u00bb\t\t<\/a>\n\n\t\t\t\t<\/div>\n\t\t\t\t<\/article>\n\t\t\t\t<\/div>\n\t\t\n\t\t\t\t\t\t<\/div>\n\t\t\t\t<\/div>\n\t\t\t\t<div class=\"elementor-element elementor-element-b3fd428 elementor-grid-3 elementor-grid-tablet-2 elementor-grid-mobile-1 elementor-posts--thumbnail-top load-more-align-center elementor-widget elementor-widget-posts\" data-id=\"b3fd428\" data-element_type=\"widget\" data-e-type=\"widget\" data-settings=\"{&quot;pagination_type&quot;:&quot;load_more_on_click&quot;,&quot;classic_columns&quot;:&quot;3&quot;,&quot;classic_columns_tablet&quot;:&quot;2&quot;,&quot;classic_columns_mobile&quot;:&quot;1&quot;,&quot;classic_row_gap&quot;:{&quot;unit&quot;:&quot;px&quot;,&quot;size&quot;:35,&quot;sizes&quot;:[]},&quot;classic_row_gap_laptop&quot;:{&quot;unit&quot;:&quot;px&quot;,&quot;size&quot;:&quot;&quot;,&quot;sizes&quot;:[]},&quot;classic_row_gap_tablet&quot;:{&quot;unit&quot;:&quot;px&quot;,&quot;size&quot;:&quot;&quot;,&quot;sizes&quot;:[]},&quot;classic_row_gap_mobile&quot;:{&quot;unit&quot;:&quot;px&quot;,&quot;size&quot;:&quot;&quot;,&quot;sizes&quot;:[]},&quot;load_more_spinner&quot;:{&quot;value&quot;:&quot;fas fa-spinner&quot;,&quot;library&quot;:&quot;fa-solid&quot;}}\" data-widget_type=\"posts.classic\">\n\t\t\t\t<div class=\"elementor-widget-container\">\n\t\t\t\t\t\t\t<div class=\"elementor-posts-container elementor-posts elementor-posts--skin-classic elementor-grid\">\n\t\t\t\t<article class=\"elementor-post elementor-grid-item post-1656 post type-post status-publish format-standard has-post-thumbnail hentry category-uncategorized\">\n\t\t\t\t<a class=\"elementor-post__thumbnail__link\" href=\"https:\/\/theskulllabs.com.br\/web\/o-que-e-inbound-marketing\/\" tabindex=\"-1\" >\n\t\t\t<div class=\"elementor-post__thumbnail\"><img decoding=\"async\" width=\"300\" height=\"200\" src=\"https:\/\/theskulllabs.com.br\/web\/wp-content\/uploads\/2023\/11\/inbound_thumb-300x200.jpg\" class=\"attachment-medium size-medium wp-image-1658\" alt=\"O que \u00e9 Inbound Marketing?\" srcset=\"https:\/\/theskulllabs.com.br\/web\/wp-content\/uploads\/2023\/11\/inbound_thumb-300x200.jpg 300w, https:\/\/theskulllabs.com.br\/web\/wp-content\/uploads\/2023\/11\/inbound_thumb.jpg 600w\" sizes=\"(max-width: 300px) 100vw, 300px\" loading=\"lazy\" \/><\/div>\n\t\t<\/a>\n\t\t\t\t<div class=\"elementor-post__text\">\n\t\t\t\t<h2 class=\"elementor-post__title\">\n\t\t\t<a href=\"https:\/\/theskulllabs.com.br\/web\/o-que-e-inbound-marketing\/\" >\n\t\t\t\tO que \u00e9 Inbound Marketing?\t\t\t<\/a>\n\t\t<\/h2>\n\t\t\t\t<div class=\"elementor-post__excerpt\">\n\t\t\t<p>O Inbound Marketing \u00e9 uma estrat\u00e9gia de marketing digital que se concentra em atrair clientes em potencial (leads) de forma org\u00e2nica, em vez de interromp\u00ea-los<\/p>\n\t\t<\/div>\n\t\t\n\t\t<a class=\"elementor-post__read-more\" href=\"https:\/\/theskulllabs.com.br\/web\/o-que-e-inbound-marketing\/\" aria-label=\"Leia mais sobre O que \u00e9 Inbound Marketing?\" tabindex=\"-1\" >\n\t\t\tLeia mais \u00bb\t\t<\/a>\n\n\t\t\t\t<\/div>\n\t\t\t\t<\/article>\n\t\t\t\t<article class=\"elementor-post elementor-grid-item post-1548 post type-post status-publish format-standard has-post-thumbnail hentry category-uncategorized\">\n\t\t\t\t<a class=\"elementor-post__thumbnail__link\" href=\"https:\/\/theskulllabs.com.br\/web\/como-criar-um-site-atraente-e-funcional\/\" tabindex=\"-1\" >\n\t\t\t<div class=\"elementor-post__thumbnail\"><img decoding=\"async\" width=\"300\" height=\"200\" src=\"https:\/\/theskulllabs.com.br\/web\/wp-content\/uploads\/2023\/11\/site_funcional-thumb-300x200.jpg\" class=\"attachment-medium size-medium wp-image-1550\" alt=\"\" srcset=\"https:\/\/theskulllabs.com.br\/web\/wp-content\/uploads\/2023\/11\/site_funcional-thumb-300x200.jpg 300w, https:\/\/theskulllabs.com.br\/web\/wp-content\/uploads\/2023\/11\/site_funcional-thumb.jpg 600w\" sizes=\"(max-width: 300px) 100vw, 300px\" loading=\"lazy\" \/><\/div>\n\t\t<\/a>\n\t\t\t\t<div class=\"elementor-post__text\">\n\t\t\t\t<h2 class=\"elementor-post__title\">\n\t\t\t<a href=\"https:\/\/theskulllabs.com.br\/web\/como-criar-um-site-atraente-e-funcional\/\" >\n\t\t\t\tComo criar um site atraente e funcional?\t\t\t<\/a>\n\t\t<\/h2>\n\t\t\t\t<div class=\"elementor-post__excerpt\">\n\t\t\t<p>O design atraente e funcional de um site desempenha um papel crucial na atra\u00e7\u00e3o, reten\u00e7\u00e3o e convers\u00e3o de visitantes, na classifica\u00e7\u00e3o nos mecanismos de busca<\/p>\n\t\t<\/div>\n\t\t\n\t\t<a class=\"elementor-post__read-more\" href=\"https:\/\/theskulllabs.com.br\/web\/como-criar-um-site-atraente-e-funcional\/\" aria-label=\"Leia mais sobre Como criar um site atraente e funcional?\" tabindex=\"-1\" >\n\t\t\tLeia mais \u00bb\t\t<\/a>\n\n\t\t\t\t<\/div>\n\t\t\t\t<\/article>\n\t\t\t\t<article class=\"elementor-post elementor-grid-item post-1534 post type-post status-publish format-standard has-post-thumbnail hentry category-uncategorized\">\n\t\t\t\t<a class=\"elementor-post__thumbnail__link\" href=\"https:\/\/theskulllabs.com.br\/web\/o-que-e-seo-e-como-funciona\/\" tabindex=\"-1\" >\n\t\t\t<div class=\"elementor-post__thumbnail\"><img loading=\"lazy\" decoding=\"async\" width=\"300\" height=\"200\" src=\"https:\/\/theskulllabs.com.br\/web\/wp-content\/uploads\/2023\/11\/seo-thumb-300x200.jpg\" class=\"attachment-medium size-medium wp-image-1535\" alt=\"\" srcset=\"https:\/\/theskulllabs.com.br\/web\/wp-content\/uploads\/2023\/11\/seo-thumb-300x200.jpg 300w, https:\/\/theskulllabs.com.br\/web\/wp-content\/uploads\/2023\/11\/seo-thumb.jpg 600w\" sizes=\"(max-width: 300px) 100vw, 300px\" \/><\/div>\n\t\t<\/a>\n\t\t\t\t<div class=\"elementor-post__text\">\n\t\t\t\t<h2 class=\"elementor-post__title\">\n\t\t\t<a href=\"https:\/\/theskulllabs.com.br\/web\/o-que-e-seo-e-como-funciona\/\" >\n\t\t\t\tO que \u00e9 SEO e como funciona?\t\t\t<\/a>\n\t\t<\/h2>\n\t\t\t\t<div class=\"elementor-post__excerpt\">\n\t\t\t<p>A otimiza\u00e7\u00e3o de sites, tamb\u00e9m conhecida como SEO (Search Engine Optimization), \u00e9 o processo de melhorar um site e suas p\u00e1ginas para obter uma classifica\u00e7\u00e3o<\/p>\n\t\t<\/div>\n\t\t\n\t\t<a class=\"elementor-post__read-more\" href=\"https:\/\/theskulllabs.com.br\/web\/o-que-e-seo-e-como-funciona\/\" aria-label=\"Leia mais sobre O que \u00e9 SEO e como funciona?\" tabindex=\"-1\" >\n\t\t\tLeia mais \u00bb\t\t<\/a>\n\n\t\t\t\t<\/div>\n\t\t\t\t<\/article>\n\t\t\t\t<\/div>\n\t\t\t\t\t<span class=\"e-load-more-spinner\">\n\t\t\t\t<svg aria-hidden=\"true\" class=\"e-font-icon-svg e-fas-spinner\" viewBox=\"0 0 512 512\" xmlns=\"http:\/\/www.w3.org\/2000\/svg\"><path d=\"M304 48c0 26.51-21.49 48-48 48s-48-21.49-48-48 21.49-48 48-48 48 21.49 48 48zm-48 368c-26.51 0-48 21.49-48 48s21.49 48 48 48 48-21.49 48-48-21.49-48-48-48zm208-208c-26.51 0-48 21.49-48 48s21.49 48 48 48 48-21.49 48-48-21.49-48-48-48zM96 256c0-26.51-21.49-48-48-48S0 229.49 0 256s21.49 48 48 48 48-21.49 48-48zm12.922 99.078c-26.51 0-48 21.49-48 48s21.49 48 48 48 48-21.49 48-48c0-26.509-21.491-48-48-48zm294.156 0c-26.51 0-48 21.49-48 48s21.49 48 48 48 48-21.49 48-48c0-26.509-21.49-48-48-48zM108.922 60.922c-26.51 0-48 21.49-48 48s21.49 48 48 48 48-21.49 48-48-21.491-48-48-48z\"><\/path><\/svg>\t\t\t<\/span>\n\t\t\n\t\t\t\t\t\t<\/div>\n\t\t\t\t<\/div>\n\t\t\t\t\t<\/div>\n\t\t\t\t<\/div>\n\t\t<div class=\"elementor-element elementor-element-25ce79e e-flex e-con-boxed e-con e-parent\" data-id=\"25ce79e\" data-element_type=\"container\" data-e-type=\"container\">\n\t\t\t\t\t<div class=\"e-con-inner\">\n\t\t\t\t<div class=\"elementor-element elementor-element-375c318 elementor-widget-divider--view-line elementor-widget elementor-widget-global elementor-global-1081 elementor-widget-divider\" data-id=\"375c318\" data-element_type=\"widget\" data-e-type=\"widget\" data-widget_type=\"divider.default\">\n\t\t\t\t<div class=\"elementor-widget-container\">\n\t\t\t\t\t\t\t<div class=\"elementor-divider\">\n\t\t\t<span class=\"elementor-divider-separator\">\n\t\t\t\t\t\t<\/span>\n\t\t<\/div>\n\t\t\t\t\t\t<\/div>\n\t\t\t\t<\/div>\n\t\t\t\t\t<\/div>\n\t\t\t\t<\/div>\n\t\t\t\t<\/div>\n\t\t","protected":false},"excerpt":{"rendered":"<p>Blog<\/p>\n","protected":false},"author":1,"featured_media":0,"parent":0,"menu_order":0,"comment_status":"closed","ping_status":"closed","template":"","meta":{"_acf_changed":false,"footnotes":""},"class_list":["post-26","page","type-page","status-publish","hentry"],"acf":[],"yoast_head":"<!-- This site is optimized with the Yoast SEO plugin v27.2 - https:\/\/yoast.com\/product\/yoast-seo-wordpress\/ -->\n<title>Blog - The Skull Labs<\/title>\n<meta name=\"robots\" content=\"index, follow, max-snippet:-1, max-image-preview:large, max-video-preview:-1\" \/>\n<link rel=\"canonical\" href=\"https:\/\/theskulllabs.com.br\/web\/blog\/\" \/>\n<meta property=\"og:locale\" content=\"pt_BR\" \/>\n<meta property=\"og:type\" content=\"article\" \/>\n<meta property=\"og:title\" content=\"Blog - The Skull Labs\" \/>\n<meta property=\"og:description\" content=\"Blog\" \/>\n<meta property=\"og:url\" content=\"https:\/\/theskulllabs.com.br\/web\/blog\/\" \/>\n<meta property=\"og:site_name\" content=\"The Skull Labs\" \/>\n<meta property=\"article:publisher\" content=\"https:\/\/www.facebook.com\/theskulllabs\" \/>\n<meta property=\"article:modified_time\" content=\"2024-09-18T21:15:52+00:00\" \/>\n<meta name=\"twitter:card\" content=\"summary_large_image\" \/>\n<meta name=\"twitter:label1\" content=\"Est. tempo de leitura\" \/>\n\t<meta name=\"twitter:data1\" content=\"4 minutos\" \/>\n<script type=\"application\/ld+json\" class=\"yoast-schema-graph\">{\"@context\":\"https:\/\/schema.org\",\"@graph\":[{\"@type\":\"WebPage\",\"@id\":\"https:\/\/theskulllabs.com.br\/web\/blog\/\",\"url\":\"https:\/\/theskulllabs.com.br\/web\/blog\/\",\"name\":\"Blog - The Skull Labs\",\"isPartOf\":{\"@id\":\"https:\/\/theskulllabs.com.br\/web\/#website\"},\"datePublished\":\"2023-10-27T18:14:43+00:00\",\"dateModified\":\"2024-09-18T21:15:52+00:00\",\"breadcrumb\":{\"@id\":\"https:\/\/theskulllabs.com.br\/web\/blog\/#breadcrumb\"},\"inLanguage\":\"pt-BR\",\"potentialAction\":[{\"@type\":\"ReadAction\",\"target\":[\"https:\/\/theskulllabs.com.br\/web\/blog\/\"]}]},{\"@type\":\"BreadcrumbList\",\"@id\":\"https:\/\/theskulllabs.com.br\/web\/blog\/#breadcrumb\",\"itemListElement\":[{\"@type\":\"ListItem\",\"position\":1,\"name\":\"In\u00edcio\",\"item\":\"https:\/\/theskulllabs.com.br\/web\/\"},{\"@type\":\"ListItem\",\"position\":2,\"name\":\"Blog\"}]},{\"@type\":\"WebSite\",\"@id\":\"https:\/\/theskulllabs.com.br\/web\/#website\",\"url\":\"https:\/\/theskulllabs.com.br\/web\/\",\"name\":\"The Skull Labs - Cria\u00e7\u00e3o de Sites e Gest\u00e3o de Redes Sociais\",\"description\":\"Cria\u00e7\u00e3o de Sites e gest\u00e3o de redes sociais\",\"publisher\":{\"@id\":\"https:\/\/theskulllabs.com.br\/web\/#organization\"},\"alternateName\":\"Crie seu site\",\"potentialAction\":[{\"@type\":\"SearchAction\",\"target\":{\"@type\":\"EntryPoint\",\"urlTemplate\":\"https:\/\/theskulllabs.com.br\/web\/?s={search_term_string}\"},\"query-input\":{\"@type\":\"PropertyValueSpecification\",\"valueRequired\":true,\"valueName\":\"search_term_string\"}}],\"inLanguage\":\"pt-BR\"},{\"@type\":\"Organization\",\"@id\":\"https:\/\/theskulllabs.com.br\/web\/#organization\",\"name\":\"The Skull Labs - Cria\u00e7\u00e3o de Sites e Gest\u00e3o de Redes Sociais em Curitiba\",\"alternateName\":\"TSL\",\"url\":\"https:\/\/theskulllabs.com.br\/web\/\",\"logo\":{\"@type\":\"ImageObject\",\"inLanguage\":\"pt-BR\",\"@id\":\"https:\/\/theskulllabs.com.br\/web\/#\/schema\/logo\/image\/\",\"url\":\"https:\/\/theskulllabs.com.br\/web\/wp-content\/uploads\/2024\/09\/TSL_avatar_720_2.png\",\"contentUrl\":\"https:\/\/theskulllabs.com.br\/web\/wp-content\/uploads\/2024\/09\/TSL_avatar_720_2.png\",\"width\":720,\"height\":720,\"caption\":\"The Skull Labs - Cria\u00e7\u00e3o de Sites e Gest\u00e3o de Redes Sociais em Curitiba\"},\"image\":{\"@id\":\"https:\/\/theskulllabs.com.br\/web\/#\/schema\/logo\/image\/\"},\"sameAs\":[\"https:\/\/www.facebook.com\/theskulllabs\",\"https:\/\/www.instagram.com\/theskulllabs\"]}]}<\/script>\n<!-- \/ Yoast SEO plugin. -->","yoast_head_json":{"title":"Blog - The Skull Labs","robots":{"index":"index","follow":"follow","max-snippet":"max-snippet:-1","max-image-preview":"max-image-preview:large","max-video-preview":"max-video-preview:-1"},"canonical":"https:\/\/theskulllabs.com.br\/web\/blog\/","og_locale":"pt_BR","og_type":"article","og_title":"Blog - The Skull Labs","og_description":"Blog","og_url":"https:\/\/theskulllabs.com.br\/web\/blog\/","og_site_name":"The Skull Labs","article_publisher":"https:\/\/www.facebook.com\/theskulllabs","article_modified_time":"2024-09-18T21:15:52+00:00","twitter_card":"summary_large_image","twitter_misc":{"Est. tempo de leitura":"4 minutos"},"schema":{"@context":"https:\/\/schema.org","@graph":[{"@type":"WebPage","@id":"https:\/\/theskulllabs.com.br\/web\/blog\/","url":"https:\/\/theskulllabs.com.br\/web\/blog\/","name":"Blog - The Skull Labs","isPartOf":{"@id":"https:\/\/theskulllabs.com.br\/web\/#website"},"datePublished":"2023-10-27T18:14:43+00:00","dateModified":"2024-09-18T21:15:52+00:00","breadcrumb":{"@id":"https:\/\/theskulllabs.com.br\/web\/blog\/#breadcrumb"},"inLanguage":"pt-BR","potentialAction":[{"@type":"ReadAction","target":["https:\/\/theskulllabs.com.br\/web\/blog\/"]}]},{"@type":"BreadcrumbList","@id":"https:\/\/theskulllabs.com.br\/web\/blog\/#breadcrumb","itemListElement":[{"@type":"ListItem","position":1,"name":"In\u00edcio","item":"https:\/\/theskulllabs.com.br\/web\/"},{"@type":"ListItem","position":2,"name":"Blog"}]},{"@type":"WebSite","@id":"https:\/\/theskulllabs.com.br\/web\/#website","url":"https:\/\/theskulllabs.com.br\/web\/","name":"The Skull Labs - Cria\u00e7\u00e3o de Sites e Gest\u00e3o de Redes Sociais","description":"Cria\u00e7\u00e3o de Sites e gest\u00e3o de redes sociais","publisher":{"@id":"https:\/\/theskulllabs.com.br\/web\/#organization"},"alternateName":"Crie seu site","potentialAction":[{"@type":"SearchAction","target":{"@type":"EntryPoint","urlTemplate":"https:\/\/theskulllabs.com.br\/web\/?s={search_term_string}"},"query-input":{"@type":"PropertyValueSpecification","valueRequired":true,"valueName":"search_term_string"}}],"inLanguage":"pt-BR"},{"@type":"Organization","@id":"https:\/\/theskulllabs.com.br\/web\/#organization","name":"The Skull Labs - Cria\u00e7\u00e3o de Sites e Gest\u00e3o de Redes Sociais em Curitiba","alternateName":"TSL","url":"https:\/\/theskulllabs.com.br\/web\/","logo":{"@type":"ImageObject","inLanguage":"pt-BR","@id":"https:\/\/theskulllabs.com.br\/web\/#\/schema\/logo\/image\/","url":"https:\/\/theskulllabs.com.br\/web\/wp-content\/uploads\/2024\/09\/TSL_avatar_720_2.png","contentUrl":"https:\/\/theskulllabs.com.br\/web\/wp-content\/uploads\/2024\/09\/TSL_avatar_720_2.png","width":720,"height":720,"caption":"The Skull Labs - Cria\u00e7\u00e3o de Sites e Gest\u00e3o de Redes Sociais em Curitiba"},"image":{"@id":"https:\/\/theskulllabs.com.br\/web\/#\/schema\/logo\/image\/"},"sameAs":["https:\/\/www.facebook.com\/theskulllabs","https:\/\/www.instagram.com\/theskulllabs"]}]}},"_links":{"self":[{"href":"https:\/\/theskulllabs.com.br\/web\/wp-json\/wp\/v2\/pages\/26","targetHints":{"allow":["GET"]}}],"collection":[{"href":"https:\/\/theskulllabs.com.br\/web\/wp-json\/wp\/v2\/pages"}],"about":[{"href":"https:\/\/theskulllabs.com.br\/web\/wp-json\/wp\/v2\/types\/page"}],"author":[{"embeddable":true,"href":"https:\/\/theskulllabs.com.br\/web\/wp-json\/wp\/v2\/users\/1"}],"replies":[{"embeddable":true,"href":"https:\/\/theskulllabs.com.br\/web\/wp-json\/wp\/v2\/comments?post=26"}],"version-history":[{"count":97,"href":"https:\/\/theskulllabs.com.br\/web\/wp-json\/wp\/v2\/pages\/26\/revisions"}],"predecessor-version":[{"id":4520,"href":"https:\/\/theskulllabs.com.br\/web\/wp-json\/wp\/v2\/pages\/26\/revisions\/4520"}],"wp:attachment":[{"href":"https:\/\/theskulllabs.com.br\/web\/wp-json\/wp\/v2\/media?parent=26"}],"curies":[{"name":"wp","href":"https:\/\/api.w.org\/{rel}","templated":true}]}}